{"id":515,"date":"2022-11-10T10:34:48","date_gmt":"2022-11-10T10:34:48","guid":{"rendered":"https:\/\/1001electrodes.com\/produit\/cellule-paramount-15-amp-bleue"},"modified":"2026-03-26T16:58:48","modified_gmt":"2026-03-26T16:58:48","slug":"cellule-paramount-15-amp-bleue","status":"publish","type":"product","link":"https:\/\/1001electrodes.com\/es\/producto\/cellule-paramount-15-amp-bleue","title":{"rendered":"Cellule Compatible PARAMOUNT\u00a9 15 AMP BLEUE"},"content":{"rendered":"<p>C\u00e9lula compatible con la marca PARAMOUNT\u00ae. <\/p>\n<p>Es compatible con los siguientes electrolizadores: AQUALINE - AQUAMATIC - AQUA SEL - AQUI DUO - ASEKO - ELECTROSEL (excluido Electrosel Pro) - PARAMOUNT\u00ae  - SALTMASTER - UNISEL<\/p>\n<p>Dimensiones de las placas: 166 mm x 60 mm<br \/>Di\u00e1metro del casquillo: 106 mm <br \/>N\u00famero de placas: 5<\/p>\n<p>C\u00e9lula de autolimpieza: NO<\/p>\n<p>Salinidad: 4 g\/L<\/p>","protected":false},"excerpt":{"rendered":"<p>C\u00e9lula compatible - Garant\u00eda 3 a\u00f1os - Placas 15.000 horas<\/p>","protected":false},"featured_media":16525,"comment_status":"open","ping_status":"closed","template":"","meta":{"_acf_changed":false,"site-sidebar-layout":"default","site-content-layout":"default","ast-site-content-layout":"default","site-content-style":"default","site-sidebar-style":"default","ast-global-header-display":"","ast-banner-title-visibility":"","ast-main-header-display":"","ast-hfb-above-header-display":"","ast-hfb-below-header-display":"","ast-hfb-mobile-header-display":"","site-post-title":"","ast-breadcrumbs-content":"","ast-featured-img":"","footer-sml-layout":"","ast-disable-related-posts":"","theme-transparent-header-meta":"default","adv-header-id-meta":"","stick-header-meta":"","header-above-stick-meta":"","header-main-stick-meta":"","header-below-stick-meta":"","astra-migrate-meta-layouts":"default","ast-page-background-enabled":"default","ast-page-background-meta":{"desktop":{"background-color":"var(--ast-global-color-4)","background-image":"","background-repeat":"repeat","background-position":"center center","background-size":"auto","background-attachment":"scroll","background-type":"","background-media":"","overlay-type":"","overlay-color":"","overlay-opacity":"","overlay-gradient":""},"tablet":{"background-color":"","background-image":"","background-repeat":"repeat","background-position":"center center","background-size":"auto","background-attachment":"scroll","background-type":"","background-media":"","overlay-type":"","overlay-color":"","overlay-opacity":"","overlay-gradient":""},"mobile":{"background-color":"","background-image":"","background-repeat":"repeat","background-position":"center center","background-size":"auto","background-attachment":"scroll","background-type":"","background-media":"","overlay-type":"","overlay-color":"","overlay-opacity":"","overlay-gradient":""}},"ast-content-background-meta":{"desktop":{"background-color":"var(--ast-global-color-5)","background-image":"","background-repeat":"repeat","background-position":"center center","background-size":"auto","background-attachment":"scroll","background-type":"","background-media":"","overlay-type":"","overlay-color":"","overlay-opacity":"","overlay-gradient":""},"tablet":{"background-color":"var(--ast-global-color-5)","background-image":"","background-repeat":"repeat","background-position":"center center","background-size":"auto","background-attachment":"scroll","background-type":"","background-media":"","overlay-type":"","overlay-color":"","overlay-opacity":"","overlay-gradient":""},"mobile":{"background-color":"var(--ast-global-color-5)","background-image":"","background-repeat":"repeat","background-position":"center center","background-size":"auto","background-attachment":"scroll","background-type":"","background-media":"","overlay-type":"","overlay-color":"","overlay-opacity":"","overlay-gradient":""}}},"product_brand":[],"product_cat":[206,110,108,109,111,112,113,114,115,116,107,43,117,118,119,120],"product_tag":[],"class_list":{"0":"post-515","1":"product","2":"type-product","3":"status-publish","4":"has-post-thumbnail","6":"product_cat-206","7":"product_cat-aqua-sel","8":"product_cat-aqualine","9":"product_cat-aquamatic","10":"product_cat-aqui-duo","11":"product_cat-aseko","12":"product_cat-electrosel","13":"product_cat-goa-sel","14":"product_cat-ovy-sel","15":"product_cat-parafrance","16":"product_cat-paramount-electroliseurs","17":"product_cat-paramount","18":"product_cat-seltonic","19":"product_cat-swintonic","20":"product_cat-ultra-chlor","21":"product_cat-valimport","22":"desktop-align-center","23":"tablet-align-left","24":"mobile-align-left","26":"first","27":"instock","28":"taxable","29":"shipping-taxable","30":"purchasable","31":"product-type-simple"},"acf":[],"yoast_head":"<!-- This site is optimized with the Yoast SEO plugin v27.3 - https:\/\/yoast.com\/product\/yoast-seo-wordpress\/ -->\n<title>Cellule Compatible PARAMOUNT\u00a9 15 AMP BLEUE - 1001Electrodes<\/title>\n<meta name=\"robots\" content=\"index, follow, max-snippet:-1, max-image-preview:large, max-video-preview:-1\" \/>\n<link rel=\"canonical\" href=\"https:\/\/1001electrodes.com\/es\/producto\/cellule-paramount-15-amp-bleue\/\" \/>\n<meta property=\"og:locale\" content=\"es_ES\" \/>\n<meta property=\"og:type\" content=\"article\" \/>\n<meta property=\"og:title\" content=\"Cellule Compatible PARAMOUNT\u00a9 15 AMP BLEUE - 1001Electrodes\" \/>\n<meta property=\"og:description\" content=\"Cellule compatible - Garantie 3 ans - Plaques 15 000 heures\" \/>\n<meta property=\"og:url\" content=\"https:\/\/1001electrodes.com\/es\/producto\/cellule-paramount-15-amp-bleue\/\" \/>\n<meta property=\"og:site_name\" content=\"1001Electrodes\" \/>\n<meta property=\"article:modified_time\" content=\"2026-03-26T16:58:48+00:00\" \/>\n<meta property=\"og:image\" content=\"https:\/\/1001electrodes.com\/wp-content\/uploads\/2025\/01\/EPAR15ABC5P_1.png\" \/>\n\t<meta property=\"og:image:width\" content=\"500\" \/>\n\t<meta property=\"og:image:height\" content=\"500\" \/>\n\t<meta property=\"og:image:type\" content=\"image\/png\" \/>\n<meta name=\"twitter:card\" content=\"summary_large_image\" \/>\n<meta name=\"twitter:label1\" content=\"Tiempo de lectura\" \/>\n\t<meta name=\"twitter:data1\" content=\"1 minuto\" \/>\n<script type=\"application\/ld+json\" class=\"yoast-schema-graph\">{\"@context\":\"https:\\\/\\\/schema.org\",\"@graph\":[{\"@type\":\"WebPage\",\"@id\":\"https:\\\/\\\/1001electrodes.com\\\/produit\\\/cellule-paramount-15-amp-bleue\",\"url\":\"https:\\\/\\\/1001electrodes.com\\\/produit\\\/cellule-paramount-15-amp-bleue\",\"name\":\"Cellule Compatible PARAMOUNT\u00a9 15 AMP BLEUE - 1001Electrodes\",\"isPartOf\":{\"@id\":\"https:\\\/\\\/1001electrodes.com\\\/#website\"},\"primaryImageOfPage\":{\"@id\":\"https:\\\/\\\/1001electrodes.com\\\/produit\\\/cellule-paramount-15-amp-bleue#primaryimage\"},\"image\":{\"@id\":\"https:\\\/\\\/1001electrodes.com\\\/produit\\\/cellule-paramount-15-amp-bleue#primaryimage\"},\"thumbnailUrl\":\"https:\\\/\\\/1001electrodes.com\\\/wp-content\\\/uploads\\\/2025\\\/01\\\/EPAR15ABC5P_1.png\",\"datePublished\":\"2022-11-10T10:34:48+00:00\",\"dateModified\":\"2026-03-26T16:58:48+00:00\",\"breadcrumb\":{\"@id\":\"https:\\\/\\\/1001electrodes.com\\\/produit\\\/cellule-paramount-15-amp-bleue#breadcrumb\"},\"inLanguage\":\"es\",\"potentialAction\":[{\"@type\":\"ReadAction\",\"target\":[\"https:\\\/\\\/1001electrodes.com\\\/produit\\\/cellule-paramount-15-amp-bleue\"]}]},{\"@type\":\"ImageObject\",\"inLanguage\":\"es\",\"@id\":\"https:\\\/\\\/1001electrodes.com\\\/produit\\\/cellule-paramount-15-amp-bleue#primaryimage\",\"url\":\"https:\\\/\\\/1001electrodes.com\\\/wp-content\\\/uploads\\\/2025\\\/01\\\/EPAR15ABC5P_1.png\",\"contentUrl\":\"https:\\\/\\\/1001electrodes.com\\\/wp-content\\\/uploads\\\/2025\\\/01\\\/EPAR15ABC5P_1.png\",\"width\":500,\"height\":500},{\"@type\":\"BreadcrumbList\",\"@id\":\"https:\\\/\\\/1001electrodes.com\\\/produit\\\/cellule-paramount-15-amp-bleue#breadcrumb\",\"itemListElement\":[{\"@type\":\"ListItem\",\"position\":1,\"name\":\"Accueil\",\"item\":\"https:\\\/\\\/1001electrodes.com\\\/\"},{\"@type\":\"ListItem\",\"position\":2,\"name\":\"Produits\",\"item\":\"https:\\\/\\\/1001electrodes.com\\\/produits\"},{\"@type\":\"ListItem\",\"position\":3,\"name\":\"Cellule Compatible PARAMOUNT\u00a9 15 AMP BLEUE\"}]},{\"@type\":\"WebSite\",\"@id\":\"https:\\\/\\\/1001electrodes.com\\\/#website\",\"url\":\"https:\\\/\\\/1001electrodes.com\\\/\",\"name\":\"1001Electrodes\",\"description\":\"Donnons une seconde vie aux \u00e9lectrolyseurs et r\u00e9duisons notre empreinte \u00e9cologique en rempla\u00e7ant uniquement la pi\u00e8ce ma\u00eetresse : L\u2019\u00c9LECTRODE !\",\"publisher\":{\"@id\":\"https:\\\/\\\/1001electrodes.com\\\/#organization\"},\"potentialAction\":[{\"@type\":\"SearchAction\",\"target\":{\"@type\":\"EntryPoint\",\"urlTemplate\":\"https:\\\/\\\/1001electrodes.com\\\/?s={search_term_string}\"},\"query-input\":{\"@type\":\"PropertyValueSpecification\",\"valueRequired\":true,\"valueName\":\"search_term_string\"}}],\"inLanguage\":\"es\"},{\"@type\":\"Organization\",\"@id\":\"https:\\\/\\\/1001electrodes.com\\\/#organization\",\"name\":\"1001Electrodes\",\"url\":\"https:\\\/\\\/1001electrodes.com\\\/\",\"logo\":{\"@type\":\"ImageObject\",\"inLanguage\":\"es\",\"@id\":\"https:\\\/\\\/1001electrodes.com\\\/#\\\/schema\\\/logo\\\/image\\\/\",\"url\":\"https:\\\/\\\/1001electrodes.com\\\/wp-content\\\/uploads\\\/2022\\\/10\\\/logo-1001-e\u0301lectrodes.png\",\"contentUrl\":\"https:\\\/\\\/1001electrodes.com\\\/wp-content\\\/uploads\\\/2022\\\/10\\\/logo-1001-e\u0301lectrodes.png\",\"width\":2560,\"height\":302,\"caption\":\"1001Electrodes\"},\"image\":{\"@id\":\"https:\\\/\\\/1001electrodes.com\\\/#\\\/schema\\\/logo\\\/image\\\/\"}}]}<\/script>\n<!-- \/ Yoast SEO plugin. -->","yoast_head_json":{"title":"Cellule Compatible PARAMOUNT\u00a9 15 AMP BLEUE - 1001Electrodes","robots":{"index":"index","follow":"follow","max-snippet":"max-snippet:-1","max-image-preview":"max-image-preview:large","max-video-preview":"max-video-preview:-1"},"canonical":"https:\/\/1001electrodes.com\/es\/producto\/cellule-paramount-15-amp-bleue\/","og_locale":"es_ES","og_type":"article","og_title":"Cellule Compatible PARAMOUNT\u00a9 15 AMP BLEUE - 1001Electrodes","og_description":"Cellule compatible - Garantie 3 ans - Plaques 15 000 heures","og_url":"https:\/\/1001electrodes.com\/es\/producto\/cellule-paramount-15-amp-bleue\/","og_site_name":"1001Electrodes","article_modified_time":"2026-03-26T16:58:48+00:00","og_image":[{"width":500,"height":500,"url":"https:\/\/1001electrodes.com\/wp-content\/uploads\/2025\/01\/EPAR15ABC5P_1.png","type":"image\/png"}],"twitter_card":"summary_large_image","twitter_misc":{"Tiempo de lectura":"1 minuto"},"schema":{"@context":"https:\/\/schema.org","@graph":[{"@type":"WebPage","@id":"https:\/\/1001electrodes.com\/produit\/cellule-paramount-15-amp-bleue","url":"https:\/\/1001electrodes.com\/produit\/cellule-paramount-15-amp-bleue","name":"Cellule Compatible PARAMOUNT\u00a9 15 AMP BLEUE - 1001Electrodes","isPartOf":{"@id":"https:\/\/1001electrodes.com\/#website"},"primaryImageOfPage":{"@id":"https:\/\/1001electrodes.com\/produit\/cellule-paramount-15-amp-bleue#primaryimage"},"image":{"@id":"https:\/\/1001electrodes.com\/produit\/cellule-paramount-15-amp-bleue#primaryimage"},"thumbnailUrl":"https:\/\/1001electrodes.com\/wp-content\/uploads\/2025\/01\/EPAR15ABC5P_1.png","datePublished":"2022-11-10T10:34:48+00:00","dateModified":"2026-03-26T16:58:48+00:00","breadcrumb":{"@id":"https:\/\/1001electrodes.com\/produit\/cellule-paramount-15-amp-bleue#breadcrumb"},"inLanguage":"es","potentialAction":[{"@type":"ReadAction","target":["https:\/\/1001electrodes.com\/produit\/cellule-paramount-15-amp-bleue"]}]},{"@type":"ImageObject","inLanguage":"es","@id":"https:\/\/1001electrodes.com\/produit\/cellule-paramount-15-amp-bleue#primaryimage","url":"https:\/\/1001electrodes.com\/wp-content\/uploads\/2025\/01\/EPAR15ABC5P_1.png","contentUrl":"https:\/\/1001electrodes.com\/wp-content\/uploads\/2025\/01\/EPAR15ABC5P_1.png","width":500,"height":500},{"@type":"BreadcrumbList","@id":"https:\/\/1001electrodes.com\/produit\/cellule-paramount-15-amp-bleue#breadcrumb","itemListElement":[{"@type":"ListItem","position":1,"name":"Accueil","item":"https:\/\/1001electrodes.com\/"},{"@type":"ListItem","position":2,"name":"Produits","item":"https:\/\/1001electrodes.com\/produits"},{"@type":"ListItem","position":3,"name":"Cellule Compatible PARAMOUNT\u00a9 15 AMP BLEUE"}]},{"@type":"WebSite","@id":"https:\/\/1001electrodes.com\/#website","url":"https:\/\/1001electrodes.com\/","name":"1001Electrodes","description":"Que demos una segunda vida a los electrolizadores y reduzcamos nuestra huella ecol\u00f3gica sustituyendo s\u00f3lo el componente clave: \u00a1EL ELECTRODO (celula) !","publisher":{"@id":"https:\/\/1001electrodes.com\/#organization"},"potentialAction":[{"@type":"SearchAction","target":{"@type":"EntryPoint","urlTemplate":"https:\/\/1001electrodes.com\/?s={search_term_string}"},"query-input":{"@type":"PropertyValueSpecification","valueRequired":true,"valueName":"search_term_string"}}],"inLanguage":"es"},{"@type":"Organization","@id":"https:\/\/1001electrodes.com\/#organization","name":"1001Electrodes","url":"https:\/\/1001electrodes.com\/","logo":{"@type":"ImageObject","inLanguage":"es","@id":"https:\/\/1001electrodes.com\/#\/schema\/logo\/image\/","url":"https:\/\/1001electrodes.com\/wp-content\/uploads\/2022\/10\/logo-1001-e\u0301lectrodes.png","contentUrl":"https:\/\/1001electrodes.com\/wp-content\/uploads\/2022\/10\/logo-1001-e\u0301lectrodes.png","width":2560,"height":302,"caption":"1001Electrodes"},"image":{"@id":"https:\/\/1001electrodes.com\/#\/schema\/logo\/image\/"}}]}},"_links":{"self":[{"href":"https:\/\/1001electrodes.com\/es\/wp-json\/wp\/v2\/product\/515","targetHints":{"allow":["GET"]}}],"collection":[{"href":"https:\/\/1001electrodes.com\/es\/wp-json\/wp\/v2\/product"}],"about":[{"href":"https:\/\/1001electrodes.com\/es\/wp-json\/wp\/v2\/types\/product"}],"replies":[{"embeddable":true,"href":"https:\/\/1001electrodes.com\/es\/wp-json\/wp\/v2\/comments?post=515"}],"version-history":[{"count":0,"href":"https:\/\/1001electrodes.com\/es\/wp-json\/wp\/v2\/product\/515\/revisions"}],"wp:featuredmedia":[{"embeddable":true,"href":"https:\/\/1001electrodes.com\/es\/wp-json\/wp\/v2\/media\/16525"}],"wp:attachment":[{"href":"https:\/\/1001electrodes.com\/es\/wp-json\/wp\/v2\/media?parent=515"}],"wp:term":[{"taxonomy":"product_brand","embeddable":true,"href":"https:\/\/1001electrodes.com\/es\/wp-json\/wp\/v2\/product_brand?post=515"},{"taxonomy":"product_cat","embeddable":true,"href":"https:\/\/1001electrodes.com\/es\/wp-json\/wp\/v2\/product_cat?post=515"},{"taxonomy":"product_tag","embeddable":true,"href":"https:\/\/1001electrodes.com\/es\/wp-json\/wp\/v2\/product_tag?post=515"}],"curies":[{"name":"wp","href":"https:\/\/api.w.org\/{rel}","templated":true}]}}