{"id":376,"date":"2022-11-10T10:34:01","date_gmt":"2022-11-10T10:34:01","guid":{"rendered":"https:\/\/1001electrodes.com\/produit\/cellule-chlormatic-cm301"},"modified":"2026-03-26T16:58:57","modified_gmt":"2026-03-26T16:58:57","slug":"cellule-chlormatic-cm301","status":"publish","type":"product","link":"https:\/\/1001electrodes.com\/es\/producto\/cellule-chlormatic-cm301","title":{"rendered":"C\u00e9lula Compatible CHLORMATIC\u00ae CM301"},"content":{"rendered":"<p>Nous vous proposons cette cellule compatible avec CHLORMATIC\u00ae<\/p>\n<p>Les \u00e9lectrolyseurs sur lesquels cette cellule compatible pourra \u00eatre mont\u00e9e sont : CLORILUX\u00ae &#8211; CHLORMATIC\u00ae<\/p>\n<p>Di\u00e1metro del casquillo: 74 mm<br \/>N\u00famero de placas: 7 <\/p>\n<p>Autolimpieza: S\u00cd <\/p>\n<p>Salinidad: 3 a 5 g\/L<\/p>\n<p>*Atenci\u00f3n, para esta c\u00e9lula, el hidr\u00e1ulico debe ser cambiado. Por lo tanto, la c\u00e9lula se entregar\u00e1 con los accesorios para adaptar el hidr\u00e1ulico de su instalaci\u00f3n. <\/p>","protected":false},"excerpt":{"rendered":"<p>C\u00e9lula compatible - Garant\u00eda 3 a\u00f1os - Placas 10 000 horas<\/p>","protected":false},"featured_media":16467,"comment_status":"open","ping_status":"closed","template":"","meta":{"_acf_changed":false,"site-sidebar-layout":"default","site-content-layout":"default","ast-site-content-layout":"default","site-content-style":"default","site-sidebar-style":"default","ast-global-header-display":"","ast-banner-title-visibility":"","ast-main-header-display":"","ast-hfb-above-header-display":"","ast-hfb-below-header-display":"","ast-hfb-mobile-header-display":"","site-post-title":"","ast-breadcrumbs-content":"","ast-featured-img":"","footer-sml-layout":"","ast-disable-related-posts":"","theme-transparent-header-meta":"default","adv-header-id-meta":"","stick-header-meta":"","header-above-stick-meta":"","header-main-stick-meta":"","header-below-stick-meta":"","astra-migrate-meta-layouts":"default","ast-page-background-enabled":"default","ast-page-background-meta":{"desktop":{"background-color":"var(--ast-global-color-4)","background-image":"","background-repeat":"repeat","background-position":"center center","background-size":"auto","background-attachment":"scroll","background-type":"","background-media":"","overlay-type":"","overlay-color":"","overlay-opacity":"","overlay-gradient":""},"tablet":{"background-color":"","background-image":"","background-repeat":"repeat","background-position":"center center","background-size":"auto","background-attachment":"scroll","background-type":"","background-media":"","overlay-type":"","overlay-color":"","overlay-opacity":"","overlay-gradient":""},"mobile":{"background-color":"","background-image":"","background-repeat":"repeat","background-position":"center center","background-size":"auto","background-attachment":"scroll","background-type":"","background-media":"","overlay-type":"","overlay-color":"","overlay-opacity":"","overlay-gradient":""}},"ast-content-background-meta":{"desktop":{"background-color":"var(--ast-global-color-5)","background-image":"","background-repeat":"repeat","background-position":"center center","background-size":"auto","background-attachment":"scroll","background-type":"","background-media":"","overlay-type":"","overlay-color":"","overlay-opacity":"","overlay-gradient":""},"tablet":{"background-color":"var(--ast-global-color-5)","background-image":"","background-repeat":"repeat","background-position":"center center","background-size":"auto","background-attachment":"scroll","background-type":"","background-media":"","overlay-type":"","overlay-color":"","overlay-opacity":"","overlay-gradient":""},"mobile":{"background-color":"var(--ast-global-color-5)","background-image":"","background-repeat":"repeat","background-position":"center center","background-size":"auto","background-attachment":"scroll","background-type":"","background-media":"","overlay-type":"","overlay-color":"","overlay-opacity":"","overlay-gradient":""}}},"product_brand":[],"product_cat":[208,79,78,35],"product_tag":[],"class_list":{"0":"post-376","1":"product","2":"type-product","3":"status-publish","4":"has-post-thumbnail","6":"product_cat-208","7":"product_cat-aqualux","8":"product_cat-chlormatic-electroliseurs","9":"product_cat-chlormatic","10":"desktop-align-center","11":"tablet-align-left","12":"mobile-align-left","14":"first","15":"instock","16":"taxable","17":"shipping-taxable","18":"purchasable","19":"product-type-simple"},"acf":[],"yoast_head":"<!-- This site is optimized with the Yoast SEO plugin v27.3 - https:\/\/yoast.com\/product\/yoast-seo-wordpress\/ -->\n<title>Cellule Compatible CHLORMATIC\u00ae CM301 - 1001Electrodes<\/title>\n<meta name=\"robots\" content=\"index, follow, max-snippet:-1, max-image-preview:large, max-video-preview:-1\" \/>\n<link rel=\"canonical\" href=\"https:\/\/1001electrodes.com\/es\/producto\/cellule-chlormatic-cm301\/\" \/>\n<meta property=\"og:locale\" content=\"es_ES\" \/>\n<meta property=\"og:type\" content=\"article\" \/>\n<meta property=\"og:title\" content=\"Cellule Compatible CHLORMATIC\u00ae CM301 - 1001Electrodes\" \/>\n<meta property=\"og:description\" content=\"Cellule compatible - Garantie 3 ans - Plaques 10 000 heures\" \/>\n<meta property=\"og:url\" content=\"https:\/\/1001electrodes.com\/es\/producto\/cellule-chlormatic-cm301\/\" \/>\n<meta property=\"og:site_name\" content=\"1001Electrodes\" \/>\n<meta property=\"article:modified_time\" content=\"2026-03-26T16:58:57+00:00\" \/>\n<meta property=\"og:image\" content=\"https:\/\/1001electrodes.com\/wp-content\/uploads\/2025\/01\/ECHL301C7P_1.png\" \/>\n\t<meta property=\"og:image:width\" content=\"500\" \/>\n\t<meta property=\"og:image:height\" content=\"500\" \/>\n\t<meta property=\"og:image:type\" content=\"image\/png\" \/>\n<meta name=\"twitter:card\" content=\"summary_large_image\" \/>\n<meta name=\"twitter:label1\" content=\"Tiempo de lectura\" \/>\n\t<meta name=\"twitter:data1\" content=\"1 minuto\" \/>\n<script type=\"application\/ld+json\" class=\"yoast-schema-graph\">{\"@context\":\"https:\\\/\\\/schema.org\",\"@graph\":[{\"@type\":\"WebPage\",\"@id\":\"https:\\\/\\\/1001electrodes.com\\\/produit\\\/cellule-chlormatic-cm301\",\"url\":\"https:\\\/\\\/1001electrodes.com\\\/produit\\\/cellule-chlormatic-cm301\",\"name\":\"Cellule Compatible CHLORMATIC\u00ae CM301 - 1001Electrodes\",\"isPartOf\":{\"@id\":\"https:\\\/\\\/1001electrodes.com\\\/#website\"},\"primaryImageOfPage\":{\"@id\":\"https:\\\/\\\/1001electrodes.com\\\/produit\\\/cellule-chlormatic-cm301#primaryimage\"},\"image\":{\"@id\":\"https:\\\/\\\/1001electrodes.com\\\/produit\\\/cellule-chlormatic-cm301#primaryimage\"},\"thumbnailUrl\":\"https:\\\/\\\/1001electrodes.com\\\/wp-content\\\/uploads\\\/2025\\\/01\\\/ECHL301C7P_1.png\",\"datePublished\":\"2022-11-10T10:34:01+00:00\",\"dateModified\":\"2026-03-26T16:58:57+00:00\",\"breadcrumb\":{\"@id\":\"https:\\\/\\\/1001electrodes.com\\\/produit\\\/cellule-chlormatic-cm301#breadcrumb\"},\"inLanguage\":\"es\",\"potentialAction\":[{\"@type\":\"ReadAction\",\"target\":[\"https:\\\/\\\/1001electrodes.com\\\/produit\\\/cellule-chlormatic-cm301\"]}]},{\"@type\":\"ImageObject\",\"inLanguage\":\"es\",\"@id\":\"https:\\\/\\\/1001electrodes.com\\\/produit\\\/cellule-chlormatic-cm301#primaryimage\",\"url\":\"https:\\\/\\\/1001electrodes.com\\\/wp-content\\\/uploads\\\/2025\\\/01\\\/ECHL301C7P_1.png\",\"contentUrl\":\"https:\\\/\\\/1001electrodes.com\\\/wp-content\\\/uploads\\\/2025\\\/01\\\/ECHL301C7P_1.png\",\"width\":500,\"height\":500},{\"@type\":\"BreadcrumbList\",\"@id\":\"https:\\\/\\\/1001electrodes.com\\\/produit\\\/cellule-chlormatic-cm301#breadcrumb\",\"itemListElement\":[{\"@type\":\"ListItem\",\"position\":1,\"name\":\"Accueil\",\"item\":\"https:\\\/\\\/1001electrodes.com\\\/\"},{\"@type\":\"ListItem\",\"position\":2,\"name\":\"Produits\",\"item\":\"https:\\\/\\\/1001electrodes.com\\\/produits\"},{\"@type\":\"ListItem\",\"position\":3,\"name\":\"Cellule Compatible CHLORMATIC\u00ae CM301\"}]},{\"@type\":\"WebSite\",\"@id\":\"https:\\\/\\\/1001electrodes.com\\\/#website\",\"url\":\"https:\\\/\\\/1001electrodes.com\\\/\",\"name\":\"1001Electrodes\",\"description\":\"Donnons une seconde vie aux \u00e9lectrolyseurs et r\u00e9duisons notre empreinte \u00e9cologique en rempla\u00e7ant uniquement la pi\u00e8ce ma\u00eetresse : L\u2019\u00c9LECTRODE !\",\"publisher\":{\"@id\":\"https:\\\/\\\/1001electrodes.com\\\/#organization\"},\"potentialAction\":[{\"@type\":\"SearchAction\",\"target\":{\"@type\":\"EntryPoint\",\"urlTemplate\":\"https:\\\/\\\/1001electrodes.com\\\/?s={search_term_string}\"},\"query-input\":{\"@type\":\"PropertyValueSpecification\",\"valueRequired\":true,\"valueName\":\"search_term_string\"}}],\"inLanguage\":\"es\"},{\"@type\":\"Organization\",\"@id\":\"https:\\\/\\\/1001electrodes.com\\\/#organization\",\"name\":\"1001Electrodes\",\"url\":\"https:\\\/\\\/1001electrodes.com\\\/\",\"logo\":{\"@type\":\"ImageObject\",\"inLanguage\":\"es\",\"@id\":\"https:\\\/\\\/1001electrodes.com\\\/#\\\/schema\\\/logo\\\/image\\\/\",\"url\":\"https:\\\/\\\/1001electrodes.com\\\/wp-content\\\/uploads\\\/2022\\\/10\\\/logo-1001-e\u0301lectrodes.png\",\"contentUrl\":\"https:\\\/\\\/1001electrodes.com\\\/wp-content\\\/uploads\\\/2022\\\/10\\\/logo-1001-e\u0301lectrodes.png\",\"width\":2560,\"height\":302,\"caption\":\"1001Electrodes\"},\"image\":{\"@id\":\"https:\\\/\\\/1001electrodes.com\\\/#\\\/schema\\\/logo\\\/image\\\/\"}}]}<\/script>\n<!-- \/ Yoast SEO plugin. -->","yoast_head_json":{"title":"Cellule Compatible CHLORMATIC\u00ae CM301 - 1001Electrodes","robots":{"index":"index","follow":"follow","max-snippet":"max-snippet:-1","max-image-preview":"max-image-preview:large","max-video-preview":"max-video-preview:-1"},"canonical":"https:\/\/1001electrodes.com\/es\/producto\/cellule-chlormatic-cm301\/","og_locale":"es_ES","og_type":"article","og_title":"Cellule Compatible CHLORMATIC\u00ae CM301 - 1001Electrodes","og_description":"Cellule compatible - Garantie 3 ans - Plaques 10 000 heures","og_url":"https:\/\/1001electrodes.com\/es\/producto\/cellule-chlormatic-cm301\/","og_site_name":"1001Electrodes","article_modified_time":"2026-03-26T16:58:57+00:00","og_image":[{"width":500,"height":500,"url":"https:\/\/1001electrodes.com\/wp-content\/uploads\/2025\/01\/ECHL301C7P_1.png","type":"image\/png"}],"twitter_card":"summary_large_image","twitter_misc":{"Tiempo de lectura":"1 minuto"},"schema":{"@context":"https:\/\/schema.org","@graph":[{"@type":"WebPage","@id":"https:\/\/1001electrodes.com\/produit\/cellule-chlormatic-cm301","url":"https:\/\/1001electrodes.com\/produit\/cellule-chlormatic-cm301","name":"Cellule Compatible CHLORMATIC\u00ae CM301 - 1001Electrodes","isPartOf":{"@id":"https:\/\/1001electrodes.com\/#website"},"primaryImageOfPage":{"@id":"https:\/\/1001electrodes.com\/produit\/cellule-chlormatic-cm301#primaryimage"},"image":{"@id":"https:\/\/1001electrodes.com\/produit\/cellule-chlormatic-cm301#primaryimage"},"thumbnailUrl":"https:\/\/1001electrodes.com\/wp-content\/uploads\/2025\/01\/ECHL301C7P_1.png","datePublished":"2022-11-10T10:34:01+00:00","dateModified":"2026-03-26T16:58:57+00:00","breadcrumb":{"@id":"https:\/\/1001electrodes.com\/produit\/cellule-chlormatic-cm301#breadcrumb"},"inLanguage":"es","potentialAction":[{"@type":"ReadAction","target":["https:\/\/1001electrodes.com\/produit\/cellule-chlormatic-cm301"]}]},{"@type":"ImageObject","inLanguage":"es","@id":"https:\/\/1001electrodes.com\/produit\/cellule-chlormatic-cm301#primaryimage","url":"https:\/\/1001electrodes.com\/wp-content\/uploads\/2025\/01\/ECHL301C7P_1.png","contentUrl":"https:\/\/1001electrodes.com\/wp-content\/uploads\/2025\/01\/ECHL301C7P_1.png","width":500,"height":500},{"@type":"BreadcrumbList","@id":"https:\/\/1001electrodes.com\/produit\/cellule-chlormatic-cm301#breadcrumb","itemListElement":[{"@type":"ListItem","position":1,"name":"Accueil","item":"https:\/\/1001electrodes.com\/"},{"@type":"ListItem","position":2,"name":"Produits","item":"https:\/\/1001electrodes.com\/produits"},{"@type":"ListItem","position":3,"name":"Cellule Compatible CHLORMATIC\u00ae CM301"}]},{"@type":"WebSite","@id":"https:\/\/1001electrodes.com\/#website","url":"https:\/\/1001electrodes.com\/","name":"1001Electrodes","description":"Que demos una segunda vida a los electrolizadores y reduzcamos nuestra huella ecol\u00f3gica sustituyendo s\u00f3lo el componente clave: \u00a1EL ELECTRODO (celula) !","publisher":{"@id":"https:\/\/1001electrodes.com\/#organization"},"potentialAction":[{"@type":"SearchAction","target":{"@type":"EntryPoint","urlTemplate":"https:\/\/1001electrodes.com\/?s={search_term_string}"},"query-input":{"@type":"PropertyValueSpecification","valueRequired":true,"valueName":"search_term_string"}}],"inLanguage":"es"},{"@type":"Organization","@id":"https:\/\/1001electrodes.com\/#organization","name":"1001Electrodes","url":"https:\/\/1001electrodes.com\/","logo":{"@type":"ImageObject","inLanguage":"es","@id":"https:\/\/1001electrodes.com\/#\/schema\/logo\/image\/","url":"https:\/\/1001electrodes.com\/wp-content\/uploads\/2022\/10\/logo-1001-e\u0301lectrodes.png","contentUrl":"https:\/\/1001electrodes.com\/wp-content\/uploads\/2022\/10\/logo-1001-e\u0301lectrodes.png","width":2560,"height":302,"caption":"1001Electrodes"},"image":{"@id":"https:\/\/1001electrodes.com\/#\/schema\/logo\/image\/"}}]}},"_links":{"self":[{"href":"https:\/\/1001electrodes.com\/es\/wp-json\/wp\/v2\/product\/376","targetHints":{"allow":["GET"]}}],"collection":[{"href":"https:\/\/1001electrodes.com\/es\/wp-json\/wp\/v2\/product"}],"about":[{"href":"https:\/\/1001electrodes.com\/es\/wp-json\/wp\/v2\/types\/product"}],"replies":[{"embeddable":true,"href":"https:\/\/1001electrodes.com\/es\/wp-json\/wp\/v2\/comments?post=376"}],"version-history":[{"count":0,"href":"https:\/\/1001electrodes.com\/es\/wp-json\/wp\/v2\/product\/376\/revisions"}],"wp:featuredmedia":[{"embeddable":true,"href":"https:\/\/1001electrodes.com\/es\/wp-json\/wp\/v2\/media\/16467"}],"wp:attachment":[{"href":"https:\/\/1001electrodes.com\/es\/wp-json\/wp\/v2\/media?parent=376"}],"wp:term":[{"taxonomy":"product_brand","embeddable":true,"href":"https:\/\/1001electrodes.com\/es\/wp-json\/wp\/v2\/product_brand?post=376"},{"taxonomy":"product_cat","embeddable":true,"href":"https:\/\/1001electrodes.com\/es\/wp-json\/wp\/v2\/product_cat?post=376"},{"taxonomy":"product_tag","embeddable":true,"href":"https:\/\/1001electrodes.com\/es\/wp-json\/wp\/v2\/product_tag?post=376"}],"curies":[{"name":"wp","href":"https:\/\/api.w.org\/{rel}","templated":true}]}}