{"id":1654,"date":"2022-11-14T23:21:09","date_gmt":"2022-11-14T23:21:09","guid":{"rendered":"https:\/\/1001electrodes.com\/produit\/cellule-originale-aqualyse-180st"},"modified":"2026-03-26T16:59:02","modified_gmt":"2026-03-26T16:59:02","slug":"cellule-originale-aqualyse-180st","status":"publish","type":"product","link":"https:\/\/1001electrodes.com\/es\/producto\/cellule-originale-aqualyse-180st","title":{"rendered":"C\u00e9lula original AQUALYSE\u00ae 180St"},"content":{"rendered":"<p>C\u00e9lula original de la marca AQUALYSE\u00ae. <\/p>\n<p>Autolimpieza: S\u00cd<\/p>\n<p>Salinidad: 4 g\/L<\/p>","protected":false},"excerpt":{"rendered":"<p>Cellule Originale &#8211; Garantie 2 ans &#8211; Plaques 15 000 heures <\/p>","protected":false},"featured_media":16431,"comment_status":"open","ping_status":"closed","template":"","meta":{"_acf_changed":false,"site-sidebar-layout":"default","site-content-layout":"default","ast-site-content-layout":"default","site-content-style":"default","site-sidebar-style":"default","ast-global-header-display":"","ast-banner-title-visibility":"","ast-main-header-display":"","ast-hfb-above-header-display":"","ast-hfb-below-header-display":"","ast-hfb-mobile-header-display":"","site-post-title":"","ast-breadcrumbs-content":"","ast-featured-img":"","footer-sml-layout":"","ast-disable-related-posts":"","theme-transparent-header-meta":"default","adv-header-id-meta":"","stick-header-meta":"","header-above-stick-meta":"","header-main-stick-meta":"","header-below-stick-meta":"","astra-migrate-meta-layouts":"default","ast-page-background-enabled":"default","ast-page-background-meta":{"desktop":{"background-color":"var(--ast-global-color-4)","background-image":"","background-repeat":"repeat","background-position":"center center","background-size":"auto","background-attachment":"scroll","background-type":"","background-media":"","overlay-type":"","overlay-color":"","overlay-opacity":"","overlay-gradient":""},"tablet":{"background-color":"","background-image":"","background-repeat":"repeat","background-position":"center center","background-size":"auto","background-attachment":"scroll","background-type":"","background-media":"","overlay-type":"","overlay-color":"","overlay-opacity":"","overlay-gradient":""},"mobile":{"background-color":"","background-image":"","background-repeat":"repeat","background-position":"center center","background-size":"auto","background-attachment":"scroll","background-type":"","background-media":"","overlay-type":"","overlay-color":"","overlay-opacity":"","overlay-gradient":""}},"ast-content-background-meta":{"desktop":{"background-color":"var(--ast-global-color-5)","background-image":"","background-repeat":"repeat","background-position":"center center","background-size":"auto","background-attachment":"scroll","background-type":"","background-media":"","overlay-type":"","overlay-color":"","overlay-opacity":"","overlay-gradient":""},"tablet":{"background-color":"var(--ast-global-color-5)","background-image":"","background-repeat":"repeat","background-position":"center center","background-size":"auto","background-attachment":"scroll","background-type":"","background-media":"","overlay-type":"","overlay-color":"","overlay-opacity":"","overlay-gradient":""},"mobile":{"background-color":"var(--ast-global-color-5)","background-image":"","background-repeat":"repeat","background-position":"center center","background-size":"auto","background-attachment":"scroll","background-type":"","background-media":"","overlay-type":"","overlay-color":"","overlay-opacity":"","overlay-gradient":""}}},"product_brand":[],"product_cat":[54],"product_tag":[],"class_list":{"0":"post-1654","1":"product","2":"type-product","3":"status-publish","4":"has-post-thumbnail","6":"product_cat-st","7":"desktop-align-center","8":"tablet-align-left","9":"mobile-align-left","11":"first","12":"onbackorder","13":"taxable","14":"shipping-taxable","15":"purchasable","16":"product-type-simple"},"acf":[],"yoast_head":"<!-- This site is optimized with the Yoast SEO plugin v27.3 - https:\/\/yoast.com\/product\/yoast-seo-wordpress\/ -->\n<title>Cellule Originale AQUALYSE\u00ae 180St - 1001Electrodes<\/title>\n<meta name=\"robots\" content=\"index, follow, max-snippet:-1, max-image-preview:large, max-video-preview:-1\" \/>\n<link rel=\"canonical\" href=\"https:\/\/1001electrodes.com\/es\/producto\/cellule-originale-aqualyse-180st\/\" \/>\n<meta property=\"og:locale\" content=\"es_ES\" \/>\n<meta property=\"og:type\" content=\"article\" \/>\n<meta property=\"og:title\" content=\"Cellule Originale AQUALYSE\u00ae 180St - 1001Electrodes\" \/>\n<meta property=\"og:description\" content=\"Cellule Originale - Garantie 2 ans - Plaques 15 000 heures\" \/>\n<meta property=\"og:url\" content=\"https:\/\/1001electrodes.com\/es\/producto\/cellule-originale-aqualyse-180st\/\" \/>\n<meta property=\"og:site_name\" content=\"1001Electrodes\" \/>\n<meta property=\"article:modified_time\" content=\"2026-03-26T16:59:02+00:00\" \/>\n<meta property=\"og:image\" content=\"https:\/\/1001electrodes.com\/wp-content\/uploads\/2025\/01\/CCEL180ST_1.png\" \/>\n\t<meta property=\"og:image:width\" content=\"500\" \/>\n\t<meta property=\"og:image:height\" content=\"500\" \/>\n\t<meta property=\"og:image:type\" content=\"image\/png\" \/>\n<meta name=\"twitter:card\" content=\"summary_large_image\" \/>\n<meta name=\"twitter:label1\" content=\"Tiempo de lectura\" \/>\n\t<meta name=\"twitter:data1\" content=\"1 minuto\" \/>\n<script type=\"application\/ld+json\" class=\"yoast-schema-graph\">{\"@context\":\"https:\\\/\\\/schema.org\",\"@graph\":[{\"@type\":\"WebPage\",\"@id\":\"https:\\\/\\\/1001electrodes.com\\\/produit\\\/cellule-originale-aqualyse-180st\",\"url\":\"https:\\\/\\\/1001electrodes.com\\\/produit\\\/cellule-originale-aqualyse-180st\",\"name\":\"Cellule Originale AQUALYSE\u00ae 180St - 1001Electrodes\",\"isPartOf\":{\"@id\":\"https:\\\/\\\/1001electrodes.com\\\/#website\"},\"primaryImageOfPage\":{\"@id\":\"https:\\\/\\\/1001electrodes.com\\\/produit\\\/cellule-originale-aqualyse-180st#primaryimage\"},\"image\":{\"@id\":\"https:\\\/\\\/1001electrodes.com\\\/produit\\\/cellule-originale-aqualyse-180st#primaryimage\"},\"thumbnailUrl\":\"https:\\\/\\\/1001electrodes.com\\\/wp-content\\\/uploads\\\/2025\\\/01\\\/CCEL180ST_1.png\",\"datePublished\":\"2022-11-14T23:21:09+00:00\",\"dateModified\":\"2026-03-26T16:59:02+00:00\",\"breadcrumb\":{\"@id\":\"https:\\\/\\\/1001electrodes.com\\\/produit\\\/cellule-originale-aqualyse-180st#breadcrumb\"},\"inLanguage\":\"es\",\"potentialAction\":[{\"@type\":\"ReadAction\",\"target\":[\"https:\\\/\\\/1001electrodes.com\\\/produit\\\/cellule-originale-aqualyse-180st\"]}]},{\"@type\":\"ImageObject\",\"inLanguage\":\"es\",\"@id\":\"https:\\\/\\\/1001electrodes.com\\\/produit\\\/cellule-originale-aqualyse-180st#primaryimage\",\"url\":\"https:\\\/\\\/1001electrodes.com\\\/wp-content\\\/uploads\\\/2025\\\/01\\\/CCEL180ST_1.png\",\"contentUrl\":\"https:\\\/\\\/1001electrodes.com\\\/wp-content\\\/uploads\\\/2025\\\/01\\\/CCEL180ST_1.png\",\"width\":500,\"height\":500},{\"@type\":\"BreadcrumbList\",\"@id\":\"https:\\\/\\\/1001electrodes.com\\\/produit\\\/cellule-originale-aqualyse-180st#breadcrumb\",\"itemListElement\":[{\"@type\":\"ListItem\",\"position\":1,\"name\":\"Accueil\",\"item\":\"https:\\\/\\\/1001electrodes.com\\\/\"},{\"@type\":\"ListItem\",\"position\":2,\"name\":\"Produits\",\"item\":\"https:\\\/\\\/1001electrodes.com\\\/produits\"},{\"@type\":\"ListItem\",\"position\":3,\"name\":\"Cellule Originale AQUALYSE\u00ae 180St\"}]},{\"@type\":\"WebSite\",\"@id\":\"https:\\\/\\\/1001electrodes.com\\\/#website\",\"url\":\"https:\\\/\\\/1001electrodes.com\\\/\",\"name\":\"1001Electrodes\",\"description\":\"Donnons une seconde vie aux \u00e9lectrolyseurs et r\u00e9duisons notre empreinte \u00e9cologique en rempla\u00e7ant uniquement la pi\u00e8ce ma\u00eetresse : L\u2019\u00c9LECTRODE !\",\"publisher\":{\"@id\":\"https:\\\/\\\/1001electrodes.com\\\/#organization\"},\"potentialAction\":[{\"@type\":\"SearchAction\",\"target\":{\"@type\":\"EntryPoint\",\"urlTemplate\":\"https:\\\/\\\/1001electrodes.com\\\/?s={search_term_string}\"},\"query-input\":{\"@type\":\"PropertyValueSpecification\",\"valueRequired\":true,\"valueName\":\"search_term_string\"}}],\"inLanguage\":\"es\"},{\"@type\":\"Organization\",\"@id\":\"https:\\\/\\\/1001electrodes.com\\\/#organization\",\"name\":\"1001Electrodes\",\"url\":\"https:\\\/\\\/1001electrodes.com\\\/\",\"logo\":{\"@type\":\"ImageObject\",\"inLanguage\":\"es\",\"@id\":\"https:\\\/\\\/1001electrodes.com\\\/#\\\/schema\\\/logo\\\/image\\\/\",\"url\":\"https:\\\/\\\/1001electrodes.com\\\/wp-content\\\/uploads\\\/2022\\\/10\\\/logo-1001-e\u0301lectrodes.png\",\"contentUrl\":\"https:\\\/\\\/1001electrodes.com\\\/wp-content\\\/uploads\\\/2022\\\/10\\\/logo-1001-e\u0301lectrodes.png\",\"width\":2560,\"height\":302,\"caption\":\"1001Electrodes\"},\"image\":{\"@id\":\"https:\\\/\\\/1001electrodes.com\\\/#\\\/schema\\\/logo\\\/image\\\/\"}}]}<\/script>\n<!-- \/ Yoast SEO plugin. -->","yoast_head_json":{"title":"Cellule Originale AQUALYSE\u00ae 180St - 1001Electrodes","robots":{"index":"index","follow":"follow","max-snippet":"max-snippet:-1","max-image-preview":"max-image-preview:large","max-video-preview":"max-video-preview:-1"},"canonical":"https:\/\/1001electrodes.com\/es\/producto\/cellule-originale-aqualyse-180st\/","og_locale":"es_ES","og_type":"article","og_title":"Cellule Originale AQUALYSE\u00ae 180St - 1001Electrodes","og_description":"Cellule Originale - Garantie 2 ans - Plaques 15 000 heures","og_url":"https:\/\/1001electrodes.com\/es\/producto\/cellule-originale-aqualyse-180st\/","og_site_name":"1001Electrodes","article_modified_time":"2026-03-26T16:59:02+00:00","og_image":[{"width":500,"height":500,"url":"https:\/\/1001electrodes.com\/wp-content\/uploads\/2025\/01\/CCEL180ST_1.png","type":"image\/png"}],"twitter_card":"summary_large_image","twitter_misc":{"Tiempo de lectura":"1 minuto"},"schema":{"@context":"https:\/\/schema.org","@graph":[{"@type":"WebPage","@id":"https:\/\/1001electrodes.com\/produit\/cellule-originale-aqualyse-180st","url":"https:\/\/1001electrodes.com\/produit\/cellule-originale-aqualyse-180st","name":"Cellule Originale AQUALYSE\u00ae 180St - 1001Electrodes","isPartOf":{"@id":"https:\/\/1001electrodes.com\/#website"},"primaryImageOfPage":{"@id":"https:\/\/1001electrodes.com\/produit\/cellule-originale-aqualyse-180st#primaryimage"},"image":{"@id":"https:\/\/1001electrodes.com\/produit\/cellule-originale-aqualyse-180st#primaryimage"},"thumbnailUrl":"https:\/\/1001electrodes.com\/wp-content\/uploads\/2025\/01\/CCEL180ST_1.png","datePublished":"2022-11-14T23:21:09+00:00","dateModified":"2026-03-26T16:59:02+00:00","breadcrumb":{"@id":"https:\/\/1001electrodes.com\/produit\/cellule-originale-aqualyse-180st#breadcrumb"},"inLanguage":"es","potentialAction":[{"@type":"ReadAction","target":["https:\/\/1001electrodes.com\/produit\/cellule-originale-aqualyse-180st"]}]},{"@type":"ImageObject","inLanguage":"es","@id":"https:\/\/1001electrodes.com\/produit\/cellule-originale-aqualyse-180st#primaryimage","url":"https:\/\/1001electrodes.com\/wp-content\/uploads\/2025\/01\/CCEL180ST_1.png","contentUrl":"https:\/\/1001electrodes.com\/wp-content\/uploads\/2025\/01\/CCEL180ST_1.png","width":500,"height":500},{"@type":"BreadcrumbList","@id":"https:\/\/1001electrodes.com\/produit\/cellule-originale-aqualyse-180st#breadcrumb","itemListElement":[{"@type":"ListItem","position":1,"name":"Accueil","item":"https:\/\/1001electrodes.com\/"},{"@type":"ListItem","position":2,"name":"Produits","item":"https:\/\/1001electrodes.com\/produits"},{"@type":"ListItem","position":3,"name":"Cellule Originale AQUALYSE\u00ae 180St"}]},{"@type":"WebSite","@id":"https:\/\/1001electrodes.com\/#website","url":"https:\/\/1001electrodes.com\/","name":"1001Electrodes","description":"Que demos una segunda vida a los electrolizadores y reduzcamos nuestra huella ecol\u00f3gica sustituyendo s\u00f3lo el componente clave: \u00a1EL ELECTRODO (celula) !","publisher":{"@id":"https:\/\/1001electrodes.com\/#organization"},"potentialAction":[{"@type":"SearchAction","target":{"@type":"EntryPoint","urlTemplate":"https:\/\/1001electrodes.com\/?s={search_term_string}"},"query-input":{"@type":"PropertyValueSpecification","valueRequired":true,"valueName":"search_term_string"}}],"inLanguage":"es"},{"@type":"Organization","@id":"https:\/\/1001electrodes.com\/#organization","name":"1001Electrodes","url":"https:\/\/1001electrodes.com\/","logo":{"@type":"ImageObject","inLanguage":"es","@id":"https:\/\/1001electrodes.com\/#\/schema\/logo\/image\/","url":"https:\/\/1001electrodes.com\/wp-content\/uploads\/2022\/10\/logo-1001-e\u0301lectrodes.png","contentUrl":"https:\/\/1001electrodes.com\/wp-content\/uploads\/2022\/10\/logo-1001-e\u0301lectrodes.png","width":2560,"height":302,"caption":"1001Electrodes"},"image":{"@id":"https:\/\/1001electrodes.com\/#\/schema\/logo\/image\/"}}]}},"_links":{"self":[{"href":"https:\/\/1001electrodes.com\/es\/wp-json\/wp\/v2\/product\/1654","targetHints":{"allow":["GET"]}}],"collection":[{"href":"https:\/\/1001electrodes.com\/es\/wp-json\/wp\/v2\/product"}],"about":[{"href":"https:\/\/1001electrodes.com\/es\/wp-json\/wp\/v2\/types\/product"}],"replies":[{"embeddable":true,"href":"https:\/\/1001electrodes.com\/es\/wp-json\/wp\/v2\/comments?post=1654"}],"version-history":[{"count":0,"href":"https:\/\/1001electrodes.com\/es\/wp-json\/wp\/v2\/product\/1654\/revisions"}],"wp:featuredmedia":[{"embeddable":true,"href":"https:\/\/1001electrodes.com\/es\/wp-json\/wp\/v2\/media\/16431"}],"wp:attachment":[{"href":"https:\/\/1001electrodes.com\/es\/wp-json\/wp\/v2\/media?parent=1654"}],"wp:term":[{"taxonomy":"product_brand","embeddable":true,"href":"https:\/\/1001electrodes.com\/es\/wp-json\/wp\/v2\/product_brand?post=1654"},{"taxonomy":"product_cat","embeddable":true,"href":"https:\/\/1001electrodes.com\/es\/wp-json\/wp\/v2\/product_cat?post=1654"},{"taxonomy":"product_tag","embeddable":true,"href":"https:\/\/1001electrodes.com\/es\/wp-json\/wp\/v2\/product_tag?post=1654"}],"curies":[{"name":"wp","href":"https:\/\/api.w.org\/{rel}","templated":true}]}}