{"id":15,"date":"2022-10-18T15:38:23","date_gmt":"2022-10-18T15:38:23","guid":{"rendered":"https:\/\/1001electrodes.com\/?page_id=15"},"modified":"2022-12-02T10:21:11","modified_gmt":"2022-12-02T10:21:11","slug":"cgv","status":"publish","type":"page","link":"https:\/\/1001electrodes.com\/es\/cgv","title":{"rendered":"Conditions G\u00e9n\u00e9rales de Vente"},"content":{"rendered":"<div data-elementor-type=\"wp-page\" data-elementor-id=\"15\" class=\"elementor elementor-15\" data-elementor-post-type=\"page\">\n\t\t\t\t\t\t<section class=\"elementor-section elementor-top-section elementor-element elementor-element-51145d2 elementor-section-full_width elementor-section-height-full elementor-section-height-default elementor-section-items-middle\" data-id=\"51145d2\" data-element_type=\"section\" data-e-type=\"section\" data-settings=\"{&quot;background_background&quot;:&quot;classic&quot;}\">\n\t\t\t\t\t\t<div class=\"elementor-container elementor-column-gap-default\">\n\t\t\t\t\t<div class=\"elementor-column elementor-col-100 elementor-top-column elementor-element elementor-element-2dc10eb1\" data-id=\"2dc10eb1\" data-element_type=\"column\" data-e-type=\"column\">\n\t\t\t<div class=\"elementor-widget-wrap elementor-element-populated\">\n\t\t\t\t\t\t<div class=\"elementor-element elementor-element-73999a51 elementor-widget elementor-widget-heading\" data-id=\"73999a51\" data-element_type=\"widget\" data-e-type=\"widget\" data-widget_type=\"heading.default\">\n\t\t\t\t<div class=\"elementor-widget-container\">\n\t\t\t\t\t<h1 class=\"elementor-heading-title elementor-size-default\">Condiciones generales de venta<\/h1>\t\t\t\t<\/div>\n\t\t\t\t<\/div>\n\t\t\t\t<div class=\"elementor-element elementor-element-71ab4acc elementor-widget elementor-widget-text-editor\" data-id=\"71ab4acc\" data-element_type=\"widget\" data-e-type=\"widget\" data-widget_type=\"text-editor.default\">\n\t\t\t\t<div class=\"elementor-widget-container\">\n\t\t\t\t\t\t\t\t\t<p>Tribunal de Jurisdicci\u00f3n: TOULOUSE<\/p>\t\t\t\t\t\t\t\t<\/div>\n\t\t\t\t<\/div>\n\t\t\t\t\t<\/div>\n\t\t<\/div>\n\t\t\t\t\t<\/div>\n\t\t<\/section>\n\t\t\t\t<section class=\"elementor-section elementor-top-section elementor-element elementor-element-09fe733 elementor-section-boxed elementor-section-height-default elementor-section-height-default\" data-id=\"09fe733\" data-element_type=\"section\" data-e-type=\"section\">\n\t\t\t\t\t\t<div class=\"elementor-container elementor-column-gap-default\">\n\t\t\t\t\t<div class=\"elementor-column elementor-col-100 elementor-top-column elementor-element elementor-element-82d5b37\" data-id=\"82d5b37\" data-element_type=\"column\" data-e-type=\"column\">\n\t\t\t<div class=\"elementor-widget-wrap elementor-element-populated\">\n\t\t\t\t\t\t<div class=\"elementor-element elementor-element-dedee7c elementor-widget elementor-widget-text-editor\" data-id=\"dedee7c\" data-element_type=\"widget\" data-e-type=\"widget\" data-widget_type=\"text-editor.default\">\n\t\t\t\t<div class=\"elementor-widget-container\">\n\t\t\t\t\t\t\t\t\t<h3><b>I. APLICACI\u00d3N&nbsp;<\/b><\/h3><p>Las presentes Condiciones Generales de Venta se env\u00edan o entregan sistem\u00e1ticamente a cada comprador. El hecho de hacer un pedido implica la adhesi\u00f3n plena y sin reservas del comprador a las presentes condiciones. Ninguna condici\u00f3n particular, en particular de compra, podr\u00e1, salvo aceptaci\u00f3n escrita y formal del vendedor, prevalecer contra las presentes Condiciones Generales de Venta.<\/p><p><br><\/p>\n<p><\/p>\n<h3><b>II. \u00d3RDENES DE COMPRA<\/b><\/h3><p>Los pedidos solo son definitivos cuando han sido confirmados por escrito por el vendedor. El vendedor s\u00f3lo quedar\u00e1 vinculado por los pedidos realizados por sus representantes o empleados previa confirmaci\u00f3n por escrito. Sin embargo, la aceptaci\u00f3n de los pedidos tambi\u00e9n puede resultar del env\u00edo de los productos.<\/p><p><br><\/p>\n<p><\/p>\n<h3 style=\"\"><b>III. CAMBIOS EN LAS \u00d3RDENES<\/b><\/h3><p style=\"font-weight: 400;\">Cualquier modificaci\u00f3n o resoluci\u00f3n de pedido solo se tendr\u00e1 en cuenta si se ha recibido por escrito antes del env\u00edo de los productos. El vendedor es libre de aceptar o rechazar la modificaci\u00f3n o resoluci\u00f3n. En caso de rechazo, los anticipos pagados no ser\u00e1n devueltos.<\/p><p style=\"font-weight: 400;\"><br><\/p>\n<p><\/p>\n<h3><b>IV. ENTREGAS - RECEPCI\u00d3N<\/b><\/h3><p>Las entregas s\u00f3lo se efect\u00faan en funci\u00f3n de la disponibilidad y del orden de llegada de los pedidos. Los plazos de entrega se indican lo m\u00e1s exactamente posible. Los rebasamientos de los plazos de entrega indicados no podr\u00e1n dar lugar a da\u00f1os y perjuicios, retenci\u00f3n o anulaci\u00f3n de los pedidos en curso. En cualquier caso, la entrega s\u00f3lo se producir\u00e1 si el comprador est\u00e1 al d\u00eda de todas sus obligaciones, cualquiera que sea su causa y naturaleza, con respecto a CORELEC. Los productos viajan siempre por cuenta y riesgo del comprador al que pertenece, en caso de aver\u00eda o incumplimiento, hacer todas las constataciones necesarias y confirmar sus reservas mediante un acto extrajudicial o mediante carta certificada con AR ante el transportista dentro de los tres d\u00edas siguientes a la entrega de las mercanc\u00edas. Sin perjuicio de las disposiciones que deban adoptarse con respecto al transportista, las reclamaciones sobre los defectos aparentes o sobre la no conformidad del producto entregado deber\u00e1n formularse por escrito dentro de los ocho d\u00edas siguientes a la llegada de los productos. El comprador deber\u00e1 presentar todas las justificaciones en cuanto a la realidad de los defectos o anomal\u00edas constatados y dejar\u00e1 toda facilidad al vendedor para proceder a la constataci\u00f3n de dichos defectos.<\/p><p><br><\/p>\n<p><\/p>\n<h3><b>V. DEVOLUCI\u00d3N DE LOS PRODUCTOS NO CONFORMES<\/b><\/h3><p>Toda devoluci\u00f3n de productos debe ser objeto de un acuerdo formal y previo del vendedor. Los gastos y riesgos de la devoluci\u00f3n correr\u00e1n siempre a cargo del comprador. Toda adquisici\u00f3n aceptada por el vendedor dar\u00e1 lugar a la constituci\u00f3n de un activo, con exclusi\u00f3n de todo reembolso, en beneficio del comprador. En ning\u00fan caso se podr\u00e1 exigir al vendedor el pago de una indemnizaci\u00f3n o de alguna indemnizaci\u00f3n.<\/p><p><br><\/p>\n<p><\/p>\n<h3><b>VI. GARANT\u00cdAS<\/b><\/h3><p>Nuestras c\u00e9lulas est\u00e1n garantizadas 3 a\u00f1os. Las intervenciones en virtud de la garant\u00eda no pueden tener por efecto prolongarla. La presentaci\u00f3n de la factura de compra del producto, ser\u00e1 rigurosamente requerida para la aplicaci\u00f3n de la garant\u00eda. En virtud de esta garant\u00eda, la \u00fanica obligaci\u00f3n del vendedor ser\u00e1 proceder a la sustituci\u00f3n o a la reparaci\u00f3n del producto reconocido defectuoso por sus servicios, con exclusi\u00f3n de todos los da\u00f1os y perjuicios, indemnizaci\u00f3n de inmovilizaci\u00f3n, indemnizaciones por p\u00e9rdida, da\u00f1os o lesiones a personas o bienes resultantes de la aver\u00eda del producto bajo garant\u00eda. Las eventuales reparaciones se efectuar\u00e1n exclusivamente en los locales de CORELEC, quedando a cargo del comprador los gastos de env\u00edo, desmontaje y montaje. Quedan expresamente excluidos de la garant\u00eda: Todos los defectos o deterioros causados por falsas maniobras, mal uso, incumplimiento de las prescripciones de empleo, montaje no conforme, uso excesivo o anormal, el desgaste natural, las cat\u00e1strofes naturales o accidentes exteriores, as\u00ed como los da\u00f1os derivados de la intervenci\u00f3n de un tercero no autorizado, y en particular los intentos de reparaci\u00f3n o modificaci\u00f3n por otra persona distinta del vendedor, los da\u00f1os resultantes de una conexi\u00f3n el\u00e9ctrica a una fuente distinta de la prevista en las instrucciones de montaje, la utilizaci\u00f3n para los aparatos de tratamiento y regulaci\u00f3n del agua con fines distintos del tratamiento del agua de una piscina, la insuficiencia del flujo de agua a trav\u00e9s de la c\u00e9lula, los choques aparentes, los intentos y rastros de desmontaje o modificaci\u00f3n. La garant\u00eda no afectar\u00e1 a los defectos o defectos aparentes en la entrega, que el comprador deber\u00e1 invocar en el momento de la entrega de conformidad con lo dispuesto en el art\u00edculo IV anterior.<\/p><p><br><\/p>\n<p><\/p>\n<h3 style=\"\"><b>VII. PRECIOS - PAGO<\/b><\/h3><p style=\"font-weight: 400;\">Los productos se suministran al precio vigente en el d\u00eda del pedido. Salvo estipulaciones en contrario, las facturas son pagaderas a la recepci\u00f3n. En caso de retraso o falta de pago, el vendedor podr\u00e1 suspender todos los pedidos pendientes, sin perjuicio de cualquier otra v\u00eda de acci\u00f3n. Cualquier cantidad no pagada en el vencimiento indicado en la factura producir\u00e1 intereses a un tipo igual a una vez y media el tipo de inter\u00e9s legal. Indemnizaci\u00f3n a tanto alzado por gastos de recuperaci\u00f3n: 40\u20ac - D 441-5 C\u00f3digo de Comercio. Cualquier pago anticipado respecto a la fecha indicada podr\u00e1 dar lugar a un descuento cuyo tipo y condiciones de aplicaci\u00f3n se precisar\u00e1n en la factura. En caso de impago, 48 horas despu\u00e9s de una advertencia que haya sido infructuosa, la venta se rescindir\u00e1 de pleno derecho y el vendedor podr\u00e1 solicitar la restituci\u00f3n de los productos; los importes y anticipos ya pagados que le queden en cualquier caso adquiridos en concepto de da\u00f1os y perjuicios.<\/p><p style=\"font-weight: 400;\"><br><\/p>\n<p><\/p>\n<h3 style=\"\"><b>VIII. RESERVA DE PROPIEDAD<\/b><\/h3><p style=\"font-weight: 400;\">Todos los productos CORELEC est\u00e1n sujetos a una reserva de propiedad que condiciona expresamente la transferencia de su propiedad al pago \u00edntegro de su precio en principal y accesorio. Las disposiciones anteriores no impedir\u00e1n la transferencia al comprador del riesgo de p\u00e9rdida o deterioro de los bienes sujetos a retenci\u00f3n de la titularidad desde su salida de los almacenes del vendedor. El impago de cualquiera de los vencimientos, acarrear\u00e1 la exigibilidad inmediata de la totalidad del precio y podr\u00e1 implicar adem\u00e1s la reivindicaci\u00f3n inmediata de las mercanc\u00edas. Adem\u00e1s, la venta se resolver\u00e1 de pleno derecho despu\u00e9s de un simple requerimiento de pago que sigue siendo infructuoso. En cualquier caso, los posibles anticipos abonados por el comprador ser\u00e1n retenidos por CORELEC en concepto de da\u00f1os y perjuicios.<\/p><p style=\"font-weight: 400;\"><br><\/p>\n<p><\/p>\n<h3 style=\"\"><b>IX. JURISDICCI\u00d3N COMPETENTE<\/b><\/h3><p style=\"font-weight: 400;\">Todas las impugnaciones ser\u00e1n de la competencia exclusiva del Tribunal de Comercio de Toulouse, incluso en caso de pluralidad de demandados y de apelaci\u00f3n en cuesti\u00f3n o en garant\u00eda. Todas las entregas efectuadas en un pa\u00eds extranjero est\u00e1n sujetas a las condiciones de la ley francesa.<\/p>\t\t\t\t\t\t\t\t<\/div>\n\t\t\t\t<\/div>\n\t\t\t\t\t<\/div>\n\t\t<\/div>\n\t\t\t\t\t<\/div>\n\t\t<\/section>\n\t\t\t\t<\/div>","protected":false},"excerpt":{"rendered":"<p>Conditions g\u00e9n\u00e9rales de vente Tribunal de juridiction : TOULOUSE I. APPLICATION&nbsp; Les pr\u00e9sentes Conditions G\u00e9n\u00e9rales de Vente sont syst\u00e9matiquement adress\u00e9es ou remises \u00e0 chaque acheteur. Le fait de passer commande implique l\u2019adh\u00e9sion enti\u00e8re et sans r\u00e9serve de l\u2019acheteur aux pr\u00e9sentes conditions. Aucune condition particuli\u00e8re, notamment d\u2019achat, ne peut, sauf acceptation \u00e9crite et formelle du vendeur, [&hellip;]<\/p>\n","protected":false},"author":1,"featured_media":0,"parent":0,"menu_order":0,"comment_status":"closed","ping_status":"closed","template":"elementor_header_footer","meta":{"_acf_changed":false,"site-sidebar-layout":"default","site-content-layout":"","ast-site-content-layout":"default","site-content-style":"default","site-sidebar-style":"default","ast-global-header-display":"","ast-banner-title-visibility":"","ast-main-header-display":"","ast-hfb-above-header-display":"","ast-hfb-below-header-display":"","ast-hfb-mobile-header-display":"","site-post-title":"","ast-breadcrumbs-content":"","ast-featured-img":"","footer-sml-layout":"","ast-disable-related-posts":"","theme-transparent-header-meta":"","adv-header-id-meta":"","stick-header-meta":"","header-above-stick-meta":"","header-main-stick-meta":"","header-below-stick-meta":"","astra-migrate-meta-layouts":"default","ast-page-background-enabled":"default","ast-page-background-meta":{"desktop":{"background-color":"var(--ast-global-color-4)","background-image":"","background-repeat":"repeat","background-position":"center center","background-size":"auto","background-attachment":"scroll","background-type":"","background-media":"","overlay-type":"","overlay-color":"","overlay-opacity":"","overlay-gradient":""},"tablet":{"background-color":"","background-image":"","background-repeat":"repeat","background-position":"center center","background-size":"auto","background-attachment":"scroll","background-type":"","background-media":"","overlay-type":"","overlay-color":"","overlay-opacity":"","overlay-gradient":""},"mobile":{"background-color":"","background-image":"","background-repeat":"repeat","background-position":"center center","background-size":"auto","background-attachment":"scroll","background-type":"","background-media":"","overlay-type":"","overlay-color":"","overlay-opacity":"","overlay-gradient":""}},"ast-content-background-meta":{"desktop":{"background-color":"var(--ast-global-color-5)","background-image":"","background-repeat":"repeat","background-position":"center center","background-size":"auto","background-attachment":"scroll","background-type":"","background-media":"","overlay-type":"","overlay-color":"","overlay-opacity":"","overlay-gradient":""},"tablet":{"background-color":"var(--ast-global-color-5)","background-image":"","background-repeat":"repeat","background-position":"center center","background-size":"auto","background-attachment":"scroll","background-type":"","background-media":"","overlay-type":"","overlay-color":"","overlay-opacity":"","overlay-gradient":""},"mobile":{"background-color":"var(--ast-global-color-5)","background-image":"","background-repeat":"repeat","background-position":"center center","background-size":"auto","background-attachment":"scroll","background-type":"","background-media":"","overlay-type":"","overlay-color":"","overlay-opacity":"","overlay-gradient":""}},"footnotes":""},"class_list":["post-15","page","type-page","status-publish","hentry"],"acf":[],"yoast_head":"<!-- This site is optimized with the Yoast SEO plugin v27.3 - https:\/\/yoast.com\/product\/yoast-seo-wordpress\/ -->\n<title>Conditions G\u00e9n\u00e9rales de Vente - 1001Electrodes<\/title>\n<meta name=\"robots\" content=\"index, follow, max-snippet:-1, max-image-preview:large, max-video-preview:-1\" \/>\n<link rel=\"canonical\" href=\"https:\/\/1001electrodes.com\/es\/cgv\/\" \/>\n<meta property=\"og:locale\" content=\"es_ES\" \/>\n<meta property=\"og:type\" content=\"article\" \/>\n<meta property=\"og:title\" content=\"Conditions G\u00e9n\u00e9rales de Vente - 1001Electrodes\" \/>\n<meta property=\"og:description\" content=\"Conditions g\u00e9n\u00e9rales de vente Tribunal de juridiction : TOULOUSE I. APPLICATION&nbsp; Les pr\u00e9sentes Conditions G\u00e9n\u00e9rales de Vente sont syst\u00e9matiquement adress\u00e9es ou remises \u00e0 chaque acheteur. Le fait de passer commande implique l\u2019adh\u00e9sion enti\u00e8re et sans r\u00e9serve de l\u2019acheteur aux pr\u00e9sentes conditions. Aucune condition particuli\u00e8re, notamment d\u2019achat, ne peut, sauf acceptation \u00e9crite et formelle du vendeur, [&hellip;]\" \/>\n<meta property=\"og:url\" content=\"https:\/\/1001electrodes.com\/es\/cgv\/\" \/>\n<meta property=\"og:site_name\" content=\"1001Electrodes\" \/>\n<meta property=\"article:modified_time\" content=\"2022-12-02T10:21:11+00:00\" \/>\n<meta name=\"twitter:card\" content=\"summary_large_image\" \/>\n<meta name=\"twitter:label1\" content=\"Tiempo de lectura\" \/>\n\t<meta name=\"twitter:data1\" content=\"6 minutos\" \/>\n<script type=\"application\/ld+json\" class=\"yoast-schema-graph\">{\"@context\":\"https:\\\/\\\/schema.org\",\"@graph\":[{\"@type\":\"WebPage\",\"@id\":\"https:\\\/\\\/1001electrodes.com\\\/cgv\",\"url\":\"https:\\\/\\\/1001electrodes.com\\\/cgv\",\"name\":\"Conditions G\u00e9n\u00e9rales de Vente - 1001Electrodes\",\"isPartOf\":{\"@id\":\"https:\\\/\\\/1001electrodes.com\\\/#website\"},\"datePublished\":\"2022-10-18T15:38:23+00:00\",\"dateModified\":\"2022-12-02T10:21:11+00:00\",\"breadcrumb\":{\"@id\":\"https:\\\/\\\/1001electrodes.com\\\/cgv#breadcrumb\"},\"inLanguage\":\"es\",\"potentialAction\":[{\"@type\":\"ReadAction\",\"target\":[\"https:\\\/\\\/1001electrodes.com\\\/cgv\"]}]},{\"@type\":\"BreadcrumbList\",\"@id\":\"https:\\\/\\\/1001electrodes.com\\\/cgv#breadcrumb\",\"itemListElement\":[{\"@type\":\"ListItem\",\"position\":1,\"name\":\"Accueil\",\"item\":\"https:\\\/\\\/1001electrodes.com\\\/\"},{\"@type\":\"ListItem\",\"position\":2,\"name\":\"Conditions G\u00e9n\u00e9rales de Vente\"}]},{\"@type\":\"WebSite\",\"@id\":\"https:\\\/\\\/1001electrodes.com\\\/#website\",\"url\":\"https:\\\/\\\/1001electrodes.com\\\/\",\"name\":\"1001Electrodes\",\"description\":\"Donnons une seconde vie aux \u00e9lectrolyseurs et r\u00e9duisons notre empreinte \u00e9cologique en rempla\u00e7ant uniquement la pi\u00e8ce ma\u00eetresse : L\u2019\u00c9LECTRODE !\",\"publisher\":{\"@id\":\"https:\\\/\\\/1001electrodes.com\\\/#organization\"},\"potentialAction\":[{\"@type\":\"SearchAction\",\"target\":{\"@type\":\"EntryPoint\",\"urlTemplate\":\"https:\\\/\\\/1001electrodes.com\\\/?s={search_term_string}\"},\"query-input\":{\"@type\":\"PropertyValueSpecification\",\"valueRequired\":true,\"valueName\":\"search_term_string\"}}],\"inLanguage\":\"es\"},{\"@type\":\"Organization\",\"@id\":\"https:\\\/\\\/1001electrodes.com\\\/#organization\",\"name\":\"1001Electrodes\",\"url\":\"https:\\\/\\\/1001electrodes.com\\\/\",\"logo\":{\"@type\":\"ImageObject\",\"inLanguage\":\"es\",\"@id\":\"https:\\\/\\\/1001electrodes.com\\\/#\\\/schema\\\/logo\\\/image\\\/\",\"url\":\"https:\\\/\\\/1001electrodes.com\\\/wp-content\\\/uploads\\\/2022\\\/10\\\/logo-1001-e\u0301lectrodes.png\",\"contentUrl\":\"https:\\\/\\\/1001electrodes.com\\\/wp-content\\\/uploads\\\/2022\\\/10\\\/logo-1001-e\u0301lectrodes.png\",\"width\":2560,\"height\":302,\"caption\":\"1001Electrodes\"},\"image\":{\"@id\":\"https:\\\/\\\/1001electrodes.com\\\/#\\\/schema\\\/logo\\\/image\\\/\"}}]}<\/script>\n<!-- \/ Yoast SEO plugin. -->","yoast_head_json":{"title":"Conditions G\u00e9n\u00e9rales de Vente - 1001Electrodes","robots":{"index":"index","follow":"follow","max-snippet":"max-snippet:-1","max-image-preview":"max-image-preview:large","max-video-preview":"max-video-preview:-1"},"canonical":"https:\/\/1001electrodes.com\/es\/cgv\/","og_locale":"es_ES","og_type":"article","og_title":"Conditions G\u00e9n\u00e9rales de Vente - 1001Electrodes","og_description":"Conditions g\u00e9n\u00e9rales de vente Tribunal de juridiction : TOULOUSE I. APPLICATION&nbsp; Les pr\u00e9sentes Conditions G\u00e9n\u00e9rales de Vente sont syst\u00e9matiquement adress\u00e9es ou remises \u00e0 chaque acheteur. Le fait de passer commande implique l\u2019adh\u00e9sion enti\u00e8re et sans r\u00e9serve de l\u2019acheteur aux pr\u00e9sentes conditions. Aucune condition particuli\u00e8re, notamment d\u2019achat, ne peut, sauf acceptation \u00e9crite et formelle du vendeur, [&hellip;]","og_url":"https:\/\/1001electrodes.com\/es\/cgv\/","og_site_name":"1001Electrodes","article_modified_time":"2022-12-02T10:21:11+00:00","twitter_card":"summary_large_image","twitter_misc":{"Tiempo de lectura":"6 minutos"},"schema":{"@context":"https:\/\/schema.org","@graph":[{"@type":"WebPage","@id":"https:\/\/1001electrodes.com\/cgv","url":"https:\/\/1001electrodes.com\/cgv","name":"Conditions G\u00e9n\u00e9rales de Vente - 1001Electrodes","isPartOf":{"@id":"https:\/\/1001electrodes.com\/#website"},"datePublished":"2022-10-18T15:38:23+00:00","dateModified":"2022-12-02T10:21:11+00:00","breadcrumb":{"@id":"https:\/\/1001electrodes.com\/cgv#breadcrumb"},"inLanguage":"es","potentialAction":[{"@type":"ReadAction","target":["https:\/\/1001electrodes.com\/cgv"]}]},{"@type":"BreadcrumbList","@id":"https:\/\/1001electrodes.com\/cgv#breadcrumb","itemListElement":[{"@type":"ListItem","position":1,"name":"Accueil","item":"https:\/\/1001electrodes.com\/"},{"@type":"ListItem","position":2,"name":"Conditions G\u00e9n\u00e9rales de Vente"}]},{"@type":"WebSite","@id":"https:\/\/1001electrodes.com\/#website","url":"https:\/\/1001electrodes.com\/","name":"1001Electrodes","description":"Que demos una segunda vida a los electrolizadores y reduzcamos nuestra huella ecol\u00f3gica sustituyendo s\u00f3lo el componente clave: \u00a1EL ELECTRODO (celula) !","publisher":{"@id":"https:\/\/1001electrodes.com\/#organization"},"potentialAction":[{"@type":"SearchAction","target":{"@type":"EntryPoint","urlTemplate":"https:\/\/1001electrodes.com\/?s={search_term_string}"},"query-input":{"@type":"PropertyValueSpecification","valueRequired":true,"valueName":"search_term_string"}}],"inLanguage":"es"},{"@type":"Organization","@id":"https:\/\/1001electrodes.com\/#organization","name":"1001Electrodes","url":"https:\/\/1001electrodes.com\/","logo":{"@type":"ImageObject","inLanguage":"es","@id":"https:\/\/1001electrodes.com\/#\/schema\/logo\/image\/","url":"https:\/\/1001electrodes.com\/wp-content\/uploads\/2022\/10\/logo-1001-e\u0301lectrodes.png","contentUrl":"https:\/\/1001electrodes.com\/wp-content\/uploads\/2022\/10\/logo-1001-e\u0301lectrodes.png","width":2560,"height":302,"caption":"1001Electrodes"},"image":{"@id":"https:\/\/1001electrodes.com\/#\/schema\/logo\/image\/"}}]}},"_links":{"self":[{"href":"https:\/\/1001electrodes.com\/es\/wp-json\/wp\/v2\/pages\/15","targetHints":{"allow":["GET"]}}],"collection":[{"href":"https:\/\/1001electrodes.com\/es\/wp-json\/wp\/v2\/pages"}],"about":[{"href":"https:\/\/1001electrodes.com\/es\/wp-json\/wp\/v2\/types\/page"}],"author":[{"embeddable":true,"href":"https:\/\/1001electrodes.com\/es\/wp-json\/wp\/v2\/users\/1"}],"replies":[{"embeddable":true,"href":"https:\/\/1001electrodes.com\/es\/wp-json\/wp\/v2\/comments?post=15"}],"version-history":[{"count":0,"href":"https:\/\/1001electrodes.com\/es\/wp-json\/wp\/v2\/pages\/15\/revisions"}],"wp:attachment":[{"href":"https:\/\/1001electrodes.com\/es\/wp-json\/wp\/v2\/media?parent=15"}],"curies":[{"name":"wp","href":"https:\/\/api.w.org\/{rel}","templated":true}]}}