{"id":14,"date":"2022-10-18T15:38:23","date_gmt":"2022-10-18T15:38:23","guid":{"rendered":"https:\/\/1001electrodes.com\/mon-compte"},"modified":"2026-01-06T07:58:26","modified_gmt":"2026-01-06T07:58:26","slug":"mon-compte","status":"publish","type":"page","link":"https:\/\/1001electrodes.com\/es\/mon-compte","title":{"rendered":"Mi cuenta"},"content":{"rendered":"<div data-elementor-type=\"wp-page\" data-elementor-id=\"14\" class=\"elementor elementor-14\" data-elementor-post-type=\"page\">\n\t\t\t\t\t\t<section class=\"elementor-section elementor-top-section elementor-element elementor-element-2f685850 elementor-section-boxed elementor-section-height-default elementor-section-height-default\" data-id=\"2f685850\" data-element_type=\"section\" data-e-type=\"section\">\n\t\t\t\t\t\t<div class=\"elementor-container elementor-column-gap-default\">\n\t\t\t\t\t<div class=\"elementor-column elementor-col-66 elementor-top-column elementor-element elementor-element-6040c8db\" data-id=\"6040c8db\" data-element_type=\"column\" data-e-type=\"column\">\n\t\t\t<div class=\"elementor-widget-wrap elementor-element-populated\">\n\t\t\t\t\t\t<div class=\"elementor-element elementor-element-19a4fad9 elementor-widget elementor-widget-text-editor\" data-id=\"19a4fad9\" data-element_type=\"widget\" data-e-type=\"widget\" data-widget_type=\"text-editor.default\">\n\t\t\t\t<div class=\"elementor-widget-container\">\n\t\t\t\t\t\t\t\t\t<div class=\"woocommerce\"><\/div>\n\t\t\t\t\t\t\t\t<\/div>\n\t\t\t\t<\/div>\n\t\t\t\t\t<\/div>\n\t\t<\/div>\n\t\t\t\t<div class=\"elementor-column elementor-col-33 elementor-top-column elementor-element elementor-element-f3fe5f2\" data-id=\"f3fe5f2\" data-element_type=\"column\" data-e-type=\"column\">\n\t\t\t<div class=\"elementor-widget-wrap elementor-element-populated\">\n\t\t\t\t\t\t<section class=\"elementor-section elementor-inner-section elementor-element elementor-element-5cc69de elementor-section-boxed elementor-section-height-default elementor-section-height-default\" data-id=\"5cc69de\" data-element_type=\"section\" data-e-type=\"section\">\n\t\t\t\t\t\t<div class=\"elementor-container elementor-column-gap-default\">\n\t\t\t\t\t<div class=\"elementor-column elementor-col-100 elementor-inner-column elementor-element elementor-element-26f0bb1\" data-id=\"26f0bb1\" data-element_type=\"column\" data-e-type=\"column\">\n\t\t\t<div class=\"elementor-widget-wrap elementor-element-populated\">\n\t\t\t\t\t\t<div class=\"elementor-element elementor-element-7cab980 elementor-widget elementor-widget-heading\" data-id=\"7cab980\" data-element_type=\"widget\" data-e-type=\"widget\" data-widget_type=\"heading.default\">\n\t\t\t\t<div class=\"elementor-widget-container\">\n\t\t\t\t\t<h2 class=\"elementor-heading-title elementor-size-default\">Pas encore client ?<\/h2>\t\t\t\t<\/div>\n\t\t\t\t<\/div>\n\t\t\t\t<div class=\"elementor-element elementor-element-90415b9 elementor-align-center elementor-widget elementor-widget-button\" data-id=\"90415b9\" data-element_type=\"widget\" data-e-type=\"widget\" data-widget_type=\"button.default\">\n\t\t\t\t<div class=\"elementor-widget-container\">\n\t\t\t\t\t\t\t\t\t<div class=\"elementor-button-wrapper\">\n\t\t\t\t\t<a class=\"elementor-button elementor-button-link elementor-size-sm\" href=\"https:\/\/1001electrodes.com\/es\/devenir-revendeur\/\">\n\t\t\t\t\t\t<span class=\"elementor-button-content-wrapper\">\n\t\t\t\t\t\t\t\t\t<span class=\"elementor-button-text\">Inscrivez-vous ici<\/span>\n\t\t\t\t\t<\/span>\n\t\t\t\t\t<\/a>\n\t\t\t\t<\/div>\n\t\t\t\t\t\t\t\t<\/div>\n\t\t\t\t<\/div>\n\t\t\t\t\t<\/div>\n\t\t<\/div>\n\t\t\t\t\t<\/div>\n\t\t<\/section>\n\t\t\t\t\t<\/div>\n\t\t<\/div>\n\t\t\t\t\t<\/div>\n\t\t<\/section>\n\t\t\t\t<\/div>","protected":false},"excerpt":{"rendered":"<p>Pas encore client ? Inscrivez-vous ici<\/p>","protected":false},"author":1,"featured_media":0,"parent":0,"menu_order":0,"comment_status":"closed","ping_status":"closed","template":"","meta":{"_acf_changed":false,"site-sidebar-layout":"default","site-content-layout":"","ast-site-content-layout":"default","site-content-style":"default","site-sidebar-style":"default","ast-global-header-display":"","ast-banner-title-visibility":"","ast-main-header-display":"","ast-hfb-above-header-display":"","ast-hfb-below-header-display":"","ast-hfb-mobile-header-display":"","site-post-title":"","ast-breadcrumbs-content":"","ast-featured-img":"","footer-sml-layout":"","ast-disable-related-posts":"","theme-transparent-header-meta":"","adv-header-id-meta":"","stick-header-meta":"","header-above-stick-meta":"","header-main-stick-meta":"","header-below-stick-meta":"","astra-migrate-meta-layouts":"default","ast-page-background-enabled":"default","ast-page-background-meta":{"desktop":{"background-color":"var(--ast-global-color-4)","background-image":"","background-repeat":"repeat","background-position":"center center","background-size":"auto","background-attachment":"scroll","background-type":"","background-media":"","overlay-type":"","overlay-color":"","overlay-opacity":"","overlay-gradient":""},"tablet":{"background-color":"","background-image":"","background-repeat":"repeat","background-position":"center center","background-size":"auto","background-attachment":"scroll","background-type":"","background-media":"","overlay-type":"","overlay-color":"","overlay-opacity":"","overlay-gradient":""},"mobile":{"background-color":"","background-image":"","background-repeat":"repeat","background-position":"center center","background-size":"auto","background-attachment":"scroll","background-type":"","background-media":"","overlay-type":"","overlay-color":"","overlay-opacity":"","overlay-gradient":""}},"ast-content-background-meta":{"desktop":{"background-color":"var(--ast-global-color-5)","background-image":"","background-repeat":"repeat","background-position":"center center","background-size":"auto","background-attachment":"scroll","background-type":"","background-media":"","overlay-type":"","overlay-color":"","overlay-opacity":"","overlay-gradient":""},"tablet":{"background-color":"var(--ast-global-color-5)","background-image":"","background-repeat":"repeat","background-position":"center center","background-size":"auto","background-attachment":"scroll","background-type":"","background-media":"","overlay-type":"","overlay-color":"","overlay-opacity":"","overlay-gradient":""},"mobile":{"background-color":"var(--ast-global-color-5)","background-image":"","background-repeat":"repeat","background-position":"center center","background-size":"auto","background-attachment":"scroll","background-type":"","background-media":"","overlay-type":"","overlay-color":"","overlay-opacity":"","overlay-gradient":""}},"footnotes":""},"class_list":["post-14","page","type-page","status-publish","hentry"],"acf":[],"yoast_head":"<!-- This site is optimized with the Yoast SEO plugin v27.3 - https:\/\/yoast.com\/product\/yoast-seo-wordpress\/ -->\n<title>Mon compte - 1001Electrodes<\/title>\n<meta name=\"robots\" content=\"index, follow, max-snippet:-1, max-image-preview:large, max-video-preview:-1\" \/>\n<link rel=\"canonical\" href=\"https:\/\/1001electrodes.com\/es\/mon-compte\/\" \/>\n<meta property=\"og:locale\" content=\"es_ES\" \/>\n<meta property=\"og:type\" content=\"article\" \/>\n<meta property=\"og:title\" content=\"Mon compte - 1001Electrodes\" \/>\n<meta property=\"og:description\" content=\"Pas encore client ? Inscrivez-vous ici\" \/>\n<meta property=\"og:url\" content=\"https:\/\/1001electrodes.com\/es\/mon-compte\/\" \/>\n<meta property=\"og:site_name\" content=\"1001Electrodes\" \/>\n<meta property=\"article:modified_time\" content=\"2026-01-06T07:58:26+00:00\" \/>\n<meta name=\"twitter:card\" content=\"summary_large_image\" \/>\n<meta name=\"twitter:label1\" content=\"Tiempo de lectura\" \/>\n\t<meta name=\"twitter:data1\" content=\"1 minuto\" \/>\n<script type=\"application\/ld+json\" class=\"yoast-schema-graph\">{\"@context\":\"https:\\\/\\\/schema.org\",\"@graph\":[{\"@type\":\"WebPage\",\"@id\":\"https:\\\/\\\/1001electrodes.com\\\/mon-compte\",\"url\":\"https:\\\/\\\/1001electrodes.com\\\/mon-compte\",\"name\":\"Mon compte - 1001Electrodes\",\"isPartOf\":{\"@id\":\"https:\\\/\\\/1001electrodes.com\\\/#website\"},\"datePublished\":\"2022-10-18T15:38:23+00:00\",\"dateModified\":\"2026-01-06T07:58:26+00:00\",\"breadcrumb\":{\"@id\":\"https:\\\/\\\/1001electrodes.com\\\/mon-compte#breadcrumb\"},\"inLanguage\":\"es\",\"potentialAction\":[{\"@type\":\"ReadAction\",\"target\":[\"https:\\\/\\\/1001electrodes.com\\\/mon-compte\"]}]},{\"@type\":\"BreadcrumbList\",\"@id\":\"https:\\\/\\\/1001electrodes.com\\\/mon-compte#breadcrumb\",\"itemListElement\":[{\"@type\":\"ListItem\",\"position\":1,\"name\":\"Accueil\",\"item\":\"https:\\\/\\\/1001electrodes.com\\\/\"},{\"@type\":\"ListItem\",\"position\":2,\"name\":\"Mon compte\"}]},{\"@type\":\"WebSite\",\"@id\":\"https:\\\/\\\/1001electrodes.com\\\/#website\",\"url\":\"https:\\\/\\\/1001electrodes.com\\\/\",\"name\":\"1001Electrodes\",\"description\":\"Donnons une seconde vie aux \u00e9lectrolyseurs et r\u00e9duisons notre empreinte \u00e9cologique en rempla\u00e7ant uniquement la pi\u00e8ce ma\u00eetresse : L\u2019\u00c9LECTRODE !\",\"publisher\":{\"@id\":\"https:\\\/\\\/1001electrodes.com\\\/#organization\"},\"potentialAction\":[{\"@type\":\"SearchAction\",\"target\":{\"@type\":\"EntryPoint\",\"urlTemplate\":\"https:\\\/\\\/1001electrodes.com\\\/?s={search_term_string}\"},\"query-input\":{\"@type\":\"PropertyValueSpecification\",\"valueRequired\":true,\"valueName\":\"search_term_string\"}}],\"inLanguage\":\"es\"},{\"@type\":\"Organization\",\"@id\":\"https:\\\/\\\/1001electrodes.com\\\/#organization\",\"name\":\"1001Electrodes\",\"url\":\"https:\\\/\\\/1001electrodes.com\\\/\",\"logo\":{\"@type\":\"ImageObject\",\"inLanguage\":\"es\",\"@id\":\"https:\\\/\\\/1001electrodes.com\\\/#\\\/schema\\\/logo\\\/image\\\/\",\"url\":\"https:\\\/\\\/1001electrodes.com\\\/wp-content\\\/uploads\\\/2022\\\/10\\\/logo-1001-e\u0301lectrodes.png\",\"contentUrl\":\"https:\\\/\\\/1001electrodes.com\\\/wp-content\\\/uploads\\\/2022\\\/10\\\/logo-1001-e\u0301lectrodes.png\",\"width\":2560,\"height\":302,\"caption\":\"1001Electrodes\"},\"image\":{\"@id\":\"https:\\\/\\\/1001electrodes.com\\\/#\\\/schema\\\/logo\\\/image\\\/\"}}]}<\/script>\n<!-- \/ Yoast SEO plugin. -->","yoast_head_json":{"title":"Mon compte - 1001Electrodes","robots":{"index":"index","follow":"follow","max-snippet":"max-snippet:-1","max-image-preview":"max-image-preview:large","max-video-preview":"max-video-preview:-1"},"canonical":"https:\/\/1001electrodes.com\/es\/mon-compte\/","og_locale":"es_ES","og_type":"article","og_title":"Mon compte - 1001Electrodes","og_description":"Pas encore client ? Inscrivez-vous ici","og_url":"https:\/\/1001electrodes.com\/es\/mon-compte\/","og_site_name":"1001Electrodes","article_modified_time":"2026-01-06T07:58:26+00:00","twitter_card":"summary_large_image","twitter_misc":{"Tiempo de lectura":"1 minuto"},"schema":{"@context":"https:\/\/schema.org","@graph":[{"@type":"WebPage","@id":"https:\/\/1001electrodes.com\/mon-compte","url":"https:\/\/1001electrodes.com\/mon-compte","name":"Mon compte - 1001Electrodes","isPartOf":{"@id":"https:\/\/1001electrodes.com\/#website"},"datePublished":"2022-10-18T15:38:23+00:00","dateModified":"2026-01-06T07:58:26+00:00","breadcrumb":{"@id":"https:\/\/1001electrodes.com\/mon-compte#breadcrumb"},"inLanguage":"es","potentialAction":[{"@type":"ReadAction","target":["https:\/\/1001electrodes.com\/mon-compte"]}]},{"@type":"BreadcrumbList","@id":"https:\/\/1001electrodes.com\/mon-compte#breadcrumb","itemListElement":[{"@type":"ListItem","position":1,"name":"Accueil","item":"https:\/\/1001electrodes.com\/"},{"@type":"ListItem","position":2,"name":"Mon compte"}]},{"@type":"WebSite","@id":"https:\/\/1001electrodes.com\/#website","url":"https:\/\/1001electrodes.com\/","name":"1001Electrodes","description":"Que demos una segunda vida a los electrolizadores y reduzcamos nuestra huella ecol\u00f3gica sustituyendo s\u00f3lo el componente clave: \u00a1EL ELECTRODO (celula) !","publisher":{"@id":"https:\/\/1001electrodes.com\/#organization"},"potentialAction":[{"@type":"SearchAction","target":{"@type":"EntryPoint","urlTemplate":"https:\/\/1001electrodes.com\/?s={search_term_string}"},"query-input":{"@type":"PropertyValueSpecification","valueRequired":true,"valueName":"search_term_string"}}],"inLanguage":"es"},{"@type":"Organization","@id":"https:\/\/1001electrodes.com\/#organization","name":"1001Electrodes","url":"https:\/\/1001electrodes.com\/","logo":{"@type":"ImageObject","inLanguage":"es","@id":"https:\/\/1001electrodes.com\/#\/schema\/logo\/image\/","url":"https:\/\/1001electrodes.com\/wp-content\/uploads\/2022\/10\/logo-1001-e\u0301lectrodes.png","contentUrl":"https:\/\/1001electrodes.com\/wp-content\/uploads\/2022\/10\/logo-1001-e\u0301lectrodes.png","width":2560,"height":302,"caption":"1001Electrodes"},"image":{"@id":"https:\/\/1001electrodes.com\/#\/schema\/logo\/image\/"}}]}},"_links":{"self":[{"href":"https:\/\/1001electrodes.com\/es\/wp-json\/wp\/v2\/pages\/14","targetHints":{"allow":["GET"]}}],"collection":[{"href":"https:\/\/1001electrodes.com\/es\/wp-json\/wp\/v2\/pages"}],"about":[{"href":"https:\/\/1001electrodes.com\/es\/wp-json\/wp\/v2\/types\/page"}],"author":[{"embeddable":true,"href":"https:\/\/1001electrodes.com\/es\/wp-json\/wp\/v2\/users\/1"}],"replies":[{"embeddable":true,"href":"https:\/\/1001electrodes.com\/es\/wp-json\/wp\/v2\/comments?post=14"}],"version-history":[{"count":0,"href":"https:\/\/1001electrodes.com\/es\/wp-json\/wp\/v2\/pages\/14\/revisions"}],"wp:attachment":[{"href":"https:\/\/1001electrodes.com\/es\/wp-json\/wp\/v2\/media?parent=14"}],"curies":[{"name":"wp","href":"https:\/\/api.w.org\/{rel}","templated":true}]}}